{"id":44,"date":"2021-11-11T14:27:31","date_gmt":"2021-11-11T14:27:31","guid":{"rendered":"http:\/\/hotelsacuenca.com\/?page_id=44"},"modified":"2023-04-16T20:30:32","modified_gmt":"2023-04-17T01:30:32","slug":"inicio","status":"publish","type":"page","link":"https:\/\/hotelsacuenca.com\/","title":{"rendered":"Inicio"},"content":{"rendered":"<div id=\"pl-44\"  class=\"panel-layout\" ><div id=\"pg-44-0\"  class=\"panel-grid panel-no-style\" ><div id=\"pgc-44-0-0\"  class=\"panel-grid-cell\" ><div id=\"panel-44-0-0-0\" class=\"so-panel widget widget_sow-headline panel-first-child\" data-index=\"0\" ><div\n\t\t\t\n\t\t\tclass=\"so-widget-sow-headline so-widget-sow-headline-default-98dc6fff397f-44\"\n\t\t\t\n\t\t><div class=\"sow-headline-container \">\n\t\t\t\t\t\t\t<h3 class=\"sow-headline\">\n\t\t\t\t\t\tBIENVENIDOS AL HOTEL S\u00c1\t\t\t\t\t\t<\/h3>\n\t\t\t\t\t\t\t\t\t\t\t<div class=\"decoration\">\n\t\t\t\t\t\t<div class=\"decoration-inside\"><\/div>\n\t\t\t\t\t<\/div>\n\t\t\t\t\t<\/div>\n<\/div><\/div><\/div><\/div><div id=\"pg-44-1\"  class=\"panel-grid panel-no-style\" ><div id=\"pgc-44-1-0\"  class=\"panel-grid-cell\" ><div id=\"panel-44-1-0-0\" class=\"so-panel widget widget_sow-headline panel-first-child\" data-index=\"2\" ><div\n\t\t\t\n\t\t\tclass=\"so-widget-sow-headline so-widget-sow-headline-default-98dc6fff397f-44\"\n\t\t\t\n\t\t><div class=\"sow-headline-container \">\n\t\t\t\t\t\t\t<h3 class=\"sow-headline\">\n\t\t\t\t\t\tNUESTROS SERVICIOS \t\t\t\t\t\t<\/h3>\n\t\t\t\t\t\t\t\t\t\t\t<div class=\"decoration\">\n\t\t\t\t\t\t<div class=\"decoration-inside\"><\/div>\n\t\t\t\t\t<\/div>\n\t\t\t\t\t<\/div>\n<\/div><\/div><\/div><\/div><div id=\"pg-44-2\"  class=\"panel-grid panel-no-style\" ><div id=\"pgc-44-2-0\"  class=\"panel-grid-cell\" ><div id=\"panel-44-2-0-0\" class=\"so-panel widget widget_sow-headline panel-first-child panel-last-child\" data-index=\"4\" ><div\n\t\t\t\n\t\t\tclass=\"so-widget-sow-headline so-widget-sow-headline-default-98dc6fff397f-44\"\n\t\t\t\n\t\t><div class=\"sow-headline-container \">\n\t\t\t\t\t\t\t<h3 class=\"sow-headline\">\n\t\t\t\t\t\tCONOZCA NUESTRAS  HABITACIONES\t\t\t\t\t\t<\/h3>\n\t\t\t\t\t\t\t\t\t\t\t<div class=\"decoration\">\n\t\t\t\t\t\t<div class=\"decoration-inside\"><\/div>\n\t\t\t\t\t<\/div>\n\t\t\t\t\t<\/div>\n<\/div><\/div><\/div><\/div><div id=\"pg-44-3\"  class=\"panel-grid panel-no-style\" ><div id=\"pgc-44-3-0\"  class=\"panel-grid-cell\" ><div id=\"panel-44-3-0-0\" class=\"so-panel widget widget_sow-image panel-first-child panel-last-child\" data-index=\"5\" ><div\n\t\t\t\n\t\t\tclass=\"so-widget-sow-image so-widget-sow-image-default-89f16426b92c-44\"\n\t\t\t\n\t\t>\n<div class=\"sow-image-container\">\n\t\t\t<a href=\"https:\/\/hotelsacuenca.com\/?page_id=95\"\n\t\t\t\t\t>\n\t\t\t<img \n\tsrc=\"https:\/\/hotelsacuenca.com\/wp-content\/uploads\/2021\/12\/WhatsApp-Image-2021-11-30-at-10.59.27-AM-2.jpeg\" width=\"300\" height=\"300\" srcset=\"https:\/\/hotelsacuenca.com\/wp-content\/uploads\/2021\/12\/WhatsApp-Image-2021-11-30-at-10.59.27-AM-2.jpeg 1599w, https:\/\/hotelsacuenca.com\/wp-content\/uploads\/2021\/12\/WhatsApp-Image-2021-11-30-at-10.59.27-AM-2-300x223.jpeg 300w, https:\/\/hotelsacuenca.com\/wp-content\/uploads\/2021\/12\/WhatsApp-Image-2021-11-30-at-10.59.27-AM-2-1024x760.jpeg 1024w, https:\/\/hotelsacuenca.com\/wp-content\/uploads\/2021\/12\/WhatsApp-Image-2021-11-30-at-10.59.27-AM-2-768x570.jpeg 768w, https:\/\/hotelsacuenca.com\/wp-content\/uploads\/2021\/12\/WhatsApp-Image-2021-11-30-at-10.59.27-AM-2-1536x1139.jpeg 1536w\" sizes=\"(max-width: 300px) 100vw, 300px\" title=\"Sencilla\" alt=\"\" \t\tclass=\"so-widget-image\"\/>\n\t\t\t<\/a><\/div>\n\n<h3 class=\"widget-title\">Sencilla<\/h3><\/div><\/div><\/div><div id=\"pgc-44-3-1\"  class=\"panel-grid-cell\" ><div id=\"panel-44-3-1-0\" class=\"so-panel widget widget_sow-image panel-first-child panel-last-child\" data-index=\"6\" ><div\n\t\t\t\n\t\t\tclass=\"so-widget-sow-image so-widget-sow-image-default-89f16426b92c-44\"\n\t\t\t\n\t\t>\n<div class=\"sow-image-container\">\n\t\t\t<a href=\"https:\/\/hotelsacuenca.com\/?page_id=95\"\n\t\t\t\t\t>\n\t\t\t<img \n\tsrc=\"https:\/\/hotelsacuenca.com\/wp-content\/uploads\/2021\/11\/IMG_4703-scaled.jpg\" width=\"300\" height=\"300\" srcset=\"https:\/\/hotelsacuenca.com\/wp-content\/uploads\/2021\/11\/IMG_4703-scaled.jpg 2560w, https:\/\/hotelsacuenca.com\/wp-content\/uploads\/2021\/11\/IMG_4703-300x200.jpg 300w, https:\/\/hotelsacuenca.com\/wp-content\/uploads\/2021\/11\/IMG_4703-1024x683.jpg 1024w, https:\/\/hotelsacuenca.com\/wp-content\/uploads\/2021\/11\/IMG_4703-768x512.jpg 768w, https:\/\/hotelsacuenca.com\/wp-content\/uploads\/2021\/11\/IMG_4703-1536x1024.jpg 1536w, https:\/\/hotelsacuenca.com\/wp-content\/uploads\/2021\/11\/IMG_4703-2048x1365.jpg 2048w, https:\/\/hotelsacuenca.com\/wp-content\/uploads\/2021\/11\/IMG_4703-1200x800.jpg 1200w\" sizes=\"(max-width: 300px) 100vw, 300px\" title=\"Doble\" alt=\"\" \t\tclass=\"so-widget-image\"\/>\n\t\t\t<\/a><\/div>\n\n<h3 class=\"widget-title\">Doble<\/h3><\/div><\/div><\/div><div id=\"pgc-44-3-2\"  class=\"panel-grid-cell\" ><div id=\"panel-44-3-2-0\" class=\"so-panel widget widget_sow-image panel-first-child panel-last-child\" data-index=\"7\" ><div\n\t\t\t\n\t\t\tclass=\"so-widget-sow-image so-widget-sow-image-default-89f16426b92c-44\"\n\t\t\t\n\t\t>\n<div class=\"sow-image-container\">\n\t\t\t<a href=\"https:\/\/hotelsacuenca.com\/?page_id=95\"\n\t\t\t\t\t>\n\t\t\t<img \n\tsrc=\"https:\/\/hotelsacuenca.com\/wp-content\/uploads\/2021\/12\/WhatsApp-Image-2021-11-30-at-10.59.25-AM.jpeg\" width=\"1600\" height=\"1201\" srcset=\"https:\/\/hotelsacuenca.com\/wp-content\/uploads\/2021\/12\/WhatsApp-Image-2021-11-30-at-10.59.25-AM.jpeg 1600w, https:\/\/hotelsacuenca.com\/wp-content\/uploads\/2021\/12\/WhatsApp-Image-2021-11-30-at-10.59.25-AM-300x225.jpeg 300w, https:\/\/hotelsacuenca.com\/wp-content\/uploads\/2021\/12\/WhatsApp-Image-2021-11-30-at-10.59.25-AM-1024x769.jpeg 1024w, https:\/\/hotelsacuenca.com\/wp-content\/uploads\/2021\/12\/WhatsApp-Image-2021-11-30-at-10.59.25-AM-768x576.jpeg 768w, https:\/\/hotelsacuenca.com\/wp-content\/uploads\/2021\/12\/WhatsApp-Image-2021-11-30-at-10.59.25-AM-1536x1153.jpeg 1536w\" sizes=\"(max-width: 1600px) 100vw, 1600px\" title=\"Triple\" alt=\"\" \t\tclass=\"so-widget-image\"\/>\n\t\t\t<\/a><\/div>\n\n<h3 class=\"widget-title\">Triple<\/h3><\/div><\/div><\/div><div id=\"pgc-44-3-3\"  class=\"panel-grid-cell\" ><div id=\"panel-44-3-3-0\" class=\"so-panel widget widget_sow-image panel-first-child panel-last-child\" data-index=\"8\" ><div\n\t\t\t\n\t\t\tclass=\"so-widget-sow-image so-widget-sow-image-default-89f16426b92c-44\"\n\t\t\t\n\t\t>\n<div class=\"sow-image-container\">\n\t\t\t<a href=\"https:\/\/hotelsacuenca.com\/?page_id=95\"\n\t\t\t\t\t>\n\t\t\t<img \n\tsrc=\"https:\/\/hotelsacuenca.com\/wp-content\/uploads\/2021\/11\/IMG_4718-scaled.jpg\" width=\"2560\" height=\"1707\" srcset=\"https:\/\/hotelsacuenca.com\/wp-content\/uploads\/2021\/11\/IMG_4718-scaled.jpg 2560w, https:\/\/hotelsacuenca.com\/wp-content\/uploads\/2021\/11\/IMG_4718-300x200.jpg 300w, https:\/\/hotelsacuenca.com\/wp-content\/uploads\/2021\/11\/IMG_4718-1024x683.jpg 1024w, https:\/\/hotelsacuenca.com\/wp-content\/uploads\/2021\/11\/IMG_4718-768x512.jpg 768w, https:\/\/hotelsacuenca.com\/wp-content\/uploads\/2021\/11\/IMG_4718-1536x1024.jpg 1536w, https:\/\/hotelsacuenca.com\/wp-content\/uploads\/2021\/11\/IMG_4718-2048x1365.jpg 2048w, https:\/\/hotelsacuenca.com\/wp-content\/uploads\/2021\/11\/IMG_4718-1200x800.jpg 1200w\" sizes=\"(max-width: 2560px) 100vw, 2560px\" title=\"Suite\" alt=\"\" \t\tclass=\"so-widget-image\"\/>\n\t\t\t<\/a><\/div>\n\n<h3 class=\"widget-title\">Suite<\/h3><\/div><\/div><\/div><\/div><div id=\"pg-44-4\"  class=\"panel-grid panel-no-style\" ><div id=\"pgc-44-4-0\"  class=\"panel-grid-cell\" ><div id=\"panel-44-4-0-0\" class=\"so-panel widget widget_sow-button panel-first-child panel-last-child\" data-index=\"9\" ><div\n\t\t\t\n\t\t\tclass=\"so-widget-sow-button so-widget-sow-button-atom-e98df31989db-44\"\n\t\t\t\n\t\t><div class=\"ow-button-base ow-button-align-center\"\n>\n\t\t\t<a\n\t\t\t\t\thref=\"https:\/\/hotelsacuenca.com\/?page_id=110\"\n\t\t\t\t\tclass=\"sowb-button ow-icon-placement-left ow-button-hover\" target=\"_blank\" rel=\"noopener noreferrer\" \t>\n\t\t<span>\n\t\t\t\n\t\t\tM\u00e1s informaci\u00f3n\t\t<\/span>\n\t\t\t<\/a>\n\t<\/div>\n<\/div><\/div><\/div><\/div><div id=\"pg-44-5\"  class=\"panel-grid panel-no-style\" ><div id=\"pgc-44-5-0\"  class=\"panel-grid-cell panel-grid-cell-empty\" ><\/div><\/div><\/div>","protected":false},"excerpt":{"rendered":"<p>BIENVENIDOS AL HOTEL S\u00c1 NUESTROS SERVICIOS CONOZCA NUESTRAS HABITACIONES Sencilla Doble Triple Suite M\u00e1s informaci\u00f3n<\/p>\n","protected":false},"author":1,"featured_media":0,"parent":0,"menu_order":0,"comment_status":"closed","ping_status":"closed","template":"","meta":{"ngg_post_thumbnail":0,"footnotes":""},"class_list":["post-44","page","type-page","status-publish","hentry"],"_links":{"self":[{"href":"https:\/\/hotelsacuenca.com\/index.php?rest_route=\/wp\/v2\/pages\/44","targetHints":{"allow":["GET"]}}],"collection":[{"href":"https:\/\/hotelsacuenca.com\/index.php?rest_route=\/wp\/v2\/pages"}],"about":[{"href":"https:\/\/hotelsacuenca.com\/index.php?rest_route=\/wp\/v2\/types\/page"}],"author":[{"embeddable":true,"href":"https:\/\/hotelsacuenca.com\/index.php?rest_route=\/wp\/v2\/users\/1"}],"replies":[{"embeddable":true,"href":"https:\/\/hotelsacuenca.com\/index.php?rest_route=%2Fwp%2Fv2%2Fcomments&post=44"}],"version-history":[{"count":53,"href":"https:\/\/hotelsacuenca.com\/index.php?rest_route=\/wp\/v2\/pages\/44\/revisions"}],"predecessor-version":[{"id":304,"href":"https:\/\/hotelsacuenca.com\/index.php?rest_route=\/wp\/v2\/pages\/44\/revisions\/304"}],"wp:attachment":[{"href":"https:\/\/hotelsacuenca.com\/index.php?rest_route=%2Fwp%2Fv2%2Fmedia&parent=44"}],"curies":[{"name":"wp","href":"https:\/\/api.w.org\/{rel}","templated":true}]}}